{"id":117,"date":"2009-07-10T13:58:45","date_gmt":"2009-07-10T11:58:45","guid":{"rendered":"http:\/\/www.primarte.de\/?page_id=117"},"modified":"2019-08-17T10:03:53","modified_gmt":"2019-08-17T08:03:53","slug":"impressum","status":"publish","type":"page","link":"http:\/\/www.primarte.de\/?page_id=117","title":{"rendered":"Impressum"},"content":{"rendered":"<p>Verantwortlich f\u00fcr den Inhalt dieser Seiten:<\/p>\n<p>Nicole Stephan<br \/>\n<span style=\"font-size: larger;\">P<\/span>RIM<span style=\"font-size: larger;\">A<\/span>RTE Konzertagentur<br \/>\nSch\u00f6ne Aussicht 10<br \/>\n60311 Frankfurt a. Main<br \/>\nTel.: (069) 92 88 17 64<\/p>\n<p>n.stephan[at]primarte.de<\/p>\n<p>Umsatzsteuer ID-Nr.: DE 241 29 44 54<\/p>\n<p>Haftungsausschluss:<\/p>\n<p>Trotz sorgf\u00e4ltiger inhaltlicher Kontrolle \u00fcbernehmen wir keine Haftung f\u00fcr die Inhalte externer Links. F\u00fcr den Inhalt der verlinkten Seiten sind ausschlie\u00dflich deren Betreiber verantwortlich.<br \/>\nAlle genannten Marken, Warenzeichen, Logos, etc. sind Eigentum der jeweiligen Inhaber. Ein Fehlen entsprechender Hinweise bedeutet nicht, dass ein Zeichen oder die Ware frei ist.<\/p>\n<p>Datenschutz<br \/>\nPersonenbezogene Daten werden nur mit Ihrem Wissen und Ihrer Einwilligung erhoben. Auf Antrag erhalten Sie unentgeltlich Auskunft zu den \u00fcber Sie gespeicherten personenbezogenen Daten. Wenden Sie sich dazu bitte an: n.stephan[at]primarte.de<\/p>\n","protected":false},"excerpt":{"rendered":"<p>Verantwortlich f\u00fcr den Inhalt dieser Seiten: Nicole Stephan PRIMARTE Konzertagentur Sch\u00f6ne Aussicht 10 60311 Frankfurt a. Main Tel.: (069) 92 88 17 64 n.stephan[at]primarte.de Umsatzsteuer ID-Nr.: DE 241 29 44 54 Haftungsausschluss: Trotz sorgf\u00e4ltiger inhaltlicher Kontrolle \u00fcbernehmen wir keine Haftung f\u00fcr die Inhalte externer Links. F\u00fcr den Inhalt der verlinkten Seiten sind ausschlie\u00dflich deren Betreiber [&hellip;]<\/p>\n","protected":false},"author":1,"featured_media":0,"parent":0,"menu_order":99,"comment_status":"open","ping_status":"open","template":"","meta":{"footnotes":""},"class_list":["post-117","page","type-page","status-publish","hentry"],"_links":{"self":[{"href":"http:\/\/www.primarte.de\/index.php?rest_route=\/wp\/v2\/pages\/117","targetHints":{"allow":["GET"]}}],"collection":[{"href":"http:\/\/www.primarte.de\/index.php?rest_route=\/wp\/v2\/pages"}],"about":[{"href":"http:\/\/www.primarte.de\/index.php?rest_route=\/wp\/v2\/types\/page"}],"author":[{"embeddable":true,"href":"http:\/\/www.primarte.de\/index.php?rest_route=\/wp\/v2\/users\/1"}],"replies":[{"embeddable":true,"href":"http:\/\/www.primarte.de\/index.php?rest_route=%2Fwp%2Fv2%2Fcomments&post=117"}],"version-history":[{"count":7,"href":"http:\/\/www.primarte.de\/index.php?rest_route=\/wp\/v2\/pages\/117\/revisions"}],"predecessor-version":[{"id":269,"href":"http:\/\/www.primarte.de\/index.php?rest_route=\/wp\/v2\/pages\/117\/revisions\/269"}],"wp:attachment":[{"href":"http:\/\/www.primarte.de\/index.php?rest_route=%2Fwp%2Fv2%2Fmedia&parent=117"}],"curies":[{"name":"wp","href":"https:\/\/api.w.org\/{rel}","templated":true}]}}