{"id":16,"date":"2008-09-15T16:49:56","date_gmt":"2008-09-15T14:49:56","guid":{"rendered":"http:\/\/www.primarte.de\/?page_id=16"},"modified":"2015-07-12T21:31:09","modified_gmt":"2015-07-12T19:31:09","slug":"florian-meierott","status":"publish","type":"page","link":"http:\/\/www.primarte.de\/?page_id=16","title":{"rendered":"Florian Meierott"},"content":{"rendered":"<p><strong>Der Teufelsgeiger oder der deutsche Nigel Kennedy<\/strong><\/p>\n<p>Macht jedes Konzert zum Hochgenu\u00df. Als Solist mit gossen Orchestern, oder als Kammermusiker verzaubert er sein Puplikum. Mit seiner Perfektion in der Musik und intelligenten \u201eSchnauze auf dem rechten Fleck\u201c wird Florian Meierott immer \u00f6fter auch als Moderator gew\u00fcnscht.<\/p>\n<p><img loading=\"lazy\" decoding=\"async\" src=\"http:\/\/www.primarte.de\/wp-content\/uploads\/meierott2.jpg\" alt=\"\" width=\"220\" height=\"230\" \/>In seiner Heimat Franken ist er so popul\u00e4r, dass ihm der staatliche Hofkeller j\u00e4hrlich eine eigene Weinabf\u00fcllung widmet und vertreibt. Die Silvanertrauben und Reben des ber\u00fchmten W\u00fcrzburger Steins, einst dem Lieblingswein von Goethe, wurden im Weinberg von Florian Meierott in regelm\u00e4\u00dfigen Abst\u00e4nden bespielt, um sie noch besser reifen zu lassen.<\/p>\n<p>&nbsp;<\/p>\n","protected":false},"excerpt":{"rendered":"<p>Der Teufelsgeiger oder der deutsche Nigel Kennedy Macht jedes Konzert zum Hochgenu\u00df. Als Solist mit gossen Orchestern, oder als Kammermusiker verzaubert er sein Puplikum. Mit seiner Perfektion in der Musik und intelligenten \u201eSchnauze auf dem rechten Fleck\u201c wird Florian Meierott immer \u00f6fter auch als Moderator gew\u00fcnscht. In seiner Heimat Franken ist er so popul\u00e4r, dass [&hellip;]<\/p>\n","protected":false},"author":1,"featured_media":0,"parent":7,"menu_order":2,"comment_status":"open","ping_status":"open","template":"","meta":{"footnotes":""},"class_list":["post-16","page","type-page","status-publish","hentry"],"_links":{"self":[{"href":"http:\/\/www.primarte.de\/index.php?rest_route=\/wp\/v2\/pages\/16","targetHints":{"allow":["GET"]}}],"collection":[{"href":"http:\/\/www.primarte.de\/index.php?rest_route=\/wp\/v2\/pages"}],"about":[{"href":"http:\/\/www.primarte.de\/index.php?rest_route=\/wp\/v2\/types\/page"}],"author":[{"embeddable":true,"href":"http:\/\/www.primarte.de\/index.php?rest_route=\/wp\/v2\/users\/1"}],"replies":[{"embeddable":true,"href":"http:\/\/www.primarte.de\/index.php?rest_route=%2Fwp%2Fv2%2Fcomments&post=16"}],"version-history":[{"count":7,"href":"http:\/\/www.primarte.de\/index.php?rest_route=\/wp\/v2\/pages\/16\/revisions"}],"predecessor-version":[{"id":240,"href":"http:\/\/www.primarte.de\/index.php?rest_route=\/wp\/v2\/pages\/16\/revisions\/240"}],"up":[{"embeddable":true,"href":"http:\/\/www.primarte.de\/index.php?rest_route=\/wp\/v2\/pages\/7"}],"wp:attachment":[{"href":"http:\/\/www.primarte.de\/index.php?rest_route=%2Fwp%2Fv2%2Fmedia&parent=16"}],"curies":[{"name":"wp","href":"https:\/\/api.w.org\/{rel}","templated":true}]}}