{"id":20,"date":"2008-09-15T16:52:09","date_gmt":"2008-09-15T14:52:09","guid":{"rendered":"http:\/\/www.primarte.de\/?page_id=20"},"modified":"2015-07-12T21:30:00","modified_gmt":"2015-07-12T19:30:00","slug":"nora-sander","status":"publish","type":"page","link":"http:\/\/www.primarte.de\/?page_id=20","title":{"rendered":"Nora Sander"},"content":{"rendered":"<p><img loading=\"lazy\" decoding=\"async\" src=\"http:\/\/www.primarte.de\/wp-content\/uploads\/sander2.jpg\" alt=\"\" width=\"220\" height=\"300\" \/>Nora Sanders Repertoire umfasst die gesamte Bandbreite klassischer, traditioneller und volkst\u00fcmlicher Harfenmusik.<\/p>\n<p>Dar\u00fcberhinaus beschreitet sie unter anderem mit Eigenkompositionen neue Wege in der spanischen bzw. s\u00fcdamerikanischen Musik.<\/p>\n","protected":false},"excerpt":{"rendered":"<p>Nora Sanders Repertoire umfasst die gesamte Bandbreite klassischer, traditioneller und volkst\u00fcmlicher Harfenmusik. Dar\u00fcberhinaus beschreitet sie unter anderem mit Eigenkompositionen neue Wege in der spanischen bzw. s\u00fcdamerikanischen Musik.<\/p>\n","protected":false},"author":1,"featured_media":0,"parent":7,"menu_order":5,"comment_status":"closed","ping_status":"open","template":"","meta":{"footnotes":""},"class_list":["post-20","page","type-page","status-publish","hentry"],"_links":{"self":[{"href":"http:\/\/www.primarte.de\/index.php?rest_route=\/wp\/v2\/pages\/20","targetHints":{"allow":["GET"]}}],"collection":[{"href":"http:\/\/www.primarte.de\/index.php?rest_route=\/wp\/v2\/pages"}],"about":[{"href":"http:\/\/www.primarte.de\/index.php?rest_route=\/wp\/v2\/types\/page"}],"author":[{"embeddable":true,"href":"http:\/\/www.primarte.de\/index.php?rest_route=\/wp\/v2\/users\/1"}],"replies":[{"embeddable":true,"href":"http:\/\/www.primarte.de\/index.php?rest_route=%2Fwp%2Fv2%2Fcomments&post=20"}],"version-history":[{"count":6,"href":"http:\/\/www.primarte.de\/index.php?rest_route=\/wp\/v2\/pages\/20\/revisions"}],"predecessor-version":[{"id":238,"href":"http:\/\/www.primarte.de\/index.php?rest_route=\/wp\/v2\/pages\/20\/revisions\/238"}],"up":[{"embeddable":true,"href":"http:\/\/www.primarte.de\/index.php?rest_route=\/wp\/v2\/pages\/7"}],"wp:attachment":[{"href":"http:\/\/www.primarte.de\/index.php?rest_route=%2Fwp%2Fv2%2Fmedia&parent=20"}],"curies":[{"name":"wp","href":"https:\/\/api.w.org\/{rel}","templated":true}]}}