{"id":24,"date":"2008-09-15T16:59:14","date_gmt":"2008-09-15T14:59:14","guid":{"rendered":"http:\/\/www.primarte.de\/?page_id=24"},"modified":"2015-07-12T21:31:56","modified_gmt":"2015-07-12T19:31:56","slug":"highlights","status":"publish","type":"page","link":"http:\/\/www.primarte.de\/?page_id=24","title":{"rendered":"Highlights"},"content":{"rendered":"<p><strong>Konzert im \/vor dem Schloss Marienburg 2008<br \/>\n<\/strong><\/p>\n<table border=\"0\" width=\"100%\" cellspacing=\"0\" cellpadding=\"0\">\n<tbody>\n<tr>\n<td><img loading=\"lazy\" decoding=\"async\" src=\"http:\/\/www.primarte.de\/wp-content\/uploads\/marienburg2008-01.jpg\" alt=\"\" width=\"400\" height=\"262\" \/><img loading=\"lazy\" decoding=\"async\" src=\"http:\/\/www.primarte.de\/wp-content\/uploads\/marienburg2008-02.jpg\" alt=\"\" width=\"400\" height=\"300\" \/><\/td>\n<\/tr>\n<tr>\n<td><\/td>\n<\/tr>\n<\/tbody>\n<\/table>\n<p><strong><br \/>\nBerliner Open Air Konzert<\/strong><\/p>\n<p>Eine spanische Nacht Young People Concerts Lesungen Die Kreuzer Sonate Balsam f\u00fcr die Seele Wei\u00dfe N\u00e4chte von St. Petersburg Gershwin, Bernstein, Cole Porter Sommernachtstr\u00e4ume Highlights der Kammermusik Paganini trifft Casanova Neujahrskonzert Night of Glory Springer meets Springer.<\/p>\n<table border=\"0\" width=\"100%\" cellspacing=\"0\" cellpadding=\"0\">\n<tbody>\n<tr>\n<td><img loading=\"lazy\" decoding=\"async\" class=\"alignnone size-full wp-image-25\" title=\"berlin-2005-01\" src=\"http:\/\/www.primarte.de\/wp-content\/uploads\/2008\/09\/berlin-2005-01.jpg\" alt=\"\" width=\"400\" height=\"267\" srcset=\"http:\/\/www.primarte.de\/wp-content\/uploads\/2008\/09\/berlin-2005-01.jpg 400w, http:\/\/www.primarte.de\/wp-content\/uploads\/2008\/09\/berlin-2005-01-300x200.jpg 300w\" sizes=\"auto, (max-width: 400px) 100vw, 400px\" \/><img loading=\"lazy\" decoding=\"async\" class=\"alignnone size-full wp-image-26\" title=\"berlin-2005-02\" src=\"http:\/\/www.primarte.de\/wp-content\/uploads\/2008\/09\/berlin-2005-02.jpg\" alt=\"\" width=\"400\" height=\"267\" srcset=\"http:\/\/www.primarte.de\/wp-content\/uploads\/2008\/09\/berlin-2005-02.jpg 400w, http:\/\/www.primarte.de\/wp-content\/uploads\/2008\/09\/berlin-2005-02-300x200.jpg 300w\" sizes=\"auto, (max-width: 400px) 100vw, 400px\" \/><\/td>\n<\/tr>\n<\/tbody>\n<\/table>\n<p>&nbsp;<\/p>\n","protected":false},"excerpt":{"rendered":"<p>Konzert im \/vor dem Schloss Marienburg 2008 Berliner Open Air Konzert Eine spanische Nacht Young People Concerts Lesungen Die Kreuzer Sonate Balsam f\u00fcr die Seele Wei\u00dfe N\u00e4chte von St. Petersburg Gershwin, Bernstein, Cole Porter Sommernachtstr\u00e4ume Highlights der Kammermusik Paganini trifft Casanova Neujahrskonzert Night of Glory Springer meets Springer. &nbsp;<\/p>\n","protected":false},"author":1,"featured_media":0,"parent":0,"menu_order":2,"comment_status":"closed","ping_status":"open","template":"","meta":{"footnotes":""},"class_list":["post-24","page","type-page","status-publish","hentry"],"_links":{"self":[{"href":"http:\/\/www.primarte.de\/index.php?rest_route=\/wp\/v2\/pages\/24","targetHints":{"allow":["GET"]}}],"collection":[{"href":"http:\/\/www.primarte.de\/index.php?rest_route=\/wp\/v2\/pages"}],"about":[{"href":"http:\/\/www.primarte.de\/index.php?rest_route=\/wp\/v2\/types\/page"}],"author":[{"embeddable":true,"href":"http:\/\/www.primarte.de\/index.php?rest_route=\/wp\/v2\/users\/1"}],"replies":[{"embeddable":true,"href":"http:\/\/www.primarte.de\/index.php?rest_route=%2Fwp%2Fv2%2Fcomments&post=24"}],"version-history":[{"count":12,"href":"http:\/\/www.primarte.de\/index.php?rest_route=\/wp\/v2\/pages\/24\/revisions"}],"predecessor-version":[{"id":246,"href":"http:\/\/www.primarte.de\/index.php?rest_route=\/wp\/v2\/pages\/24\/revisions\/246"}],"wp:attachment":[{"href":"http:\/\/www.primarte.de\/index.php?rest_route=%2Fwp%2Fv2%2Fmedia&parent=24"}],"curies":[{"name":"wp","href":"https:\/\/api.w.org\/{rel}","templated":true}]}}